{"id":25,"date":"2026-03-27T13:18:26","date_gmt":"2026-03-27T12:18:26","guid":{"rendered":"https:\/\/client.alfaprogroup.com\/?page_id=25"},"modified":"2026-03-27T13:19:25","modified_gmt":"2026-03-27T12:19:25","slug":"ukazkova-stranka","status":"publish","type":"page","link":"https:\/\/client.alfaprogroup.com\/","title":{"rendered":"Uk\u00e1\u017ekov\u00e1 str\u00e1nka"},"content":{"rendered":"\t\t<div data-elementor-type=\"wp-page\" data-elementor-id=\"25\" class=\"elementor elementor-25\">\n\t\t\t\t<div class=\"elementor-element elementor-element-3b79c08 e-con-full e-flex e-con e-parent\" data-id=\"3b79c08\" data-element_type=\"container\" data-e-type=\"container\">\n\t\t\t\t<div class=\"elementor-element elementor-element-60652c6 elementor-widget elementor-widget-pdfjs-viewer\" data-id=\"60652c6\" data-element_type=\"widget\" data-e-type=\"widget\" data-widget_type=\"pdfjs-viewer.default\">\n\t\t\t\t<div class=\"elementor-widget-container\">\n\t\t\t\t\t<iframe width=\"900\" height=\"1500\" src=\"https:\/\/client.alfaprogroup.com\/wp-content\/plugins\/pdfjs-viewer-for-elementor\/\/assets\/js\/pdfjs\/web\/viewer.html?file=https:\/\/client.alfaprogroup.com\/wp-content\/uploads\/2026\/03\/AlfaPro-Komunikacny-plan-EN_ver.-2026-WEB.pdf\"><\/iframe>\t\t\t\t<\/div>\n\t\t\t\t<\/div>\n\t\t\t\t<\/div>\n\t\t\t\t<\/div>\n\t\t","protected":false},"excerpt":{"rendered":"","protected":false},"author":1,"featured_media":0,"parent":0,"menu_order":0,"comment_status":"closed","ping_status":"closed","template":"elementor_canvas","meta":{"footnotes":""},"class_list":["post-25","page","type-page","status-publish","hentry"],"_links":{"self":[{"href":"https:\/\/client.alfaprogroup.com\/index.php?rest_route=\/wp\/v2\/pages\/25","targetHints":{"allow":["GET"]}}],"collection":[{"href":"https:\/\/client.alfaprogroup.com\/index.php?rest_route=\/wp\/v2\/pages"}],"about":[{"href":"https:\/\/client.alfaprogroup.com\/index.php?rest_route=\/wp\/v2\/types\/page"}],"author":[{"embeddable":true,"href":"https:\/\/client.alfaprogroup.com\/index.php?rest_route=\/wp\/v2\/users\/1"}],"replies":[{"embeddable":true,"href":"https:\/\/client.alfaprogroup.com\/index.php?rest_route=%2Fwp%2Fv2%2Fcomments&post=25"}],"version-history":[{"count":4,"href":"https:\/\/client.alfaprogroup.com\/index.php?rest_route=\/wp\/v2\/pages\/25\/revisions"}],"predecessor-version":[{"id":31,"href":"https:\/\/client.alfaprogroup.com\/index.php?rest_route=\/wp\/v2\/pages\/25\/revisions\/31"}],"wp:attachment":[{"href":"https:\/\/client.alfaprogroup.com\/index.php?rest_route=%2Fwp%2Fv2%2Fmedia&parent=25"}],"curies":[{"name":"wp","href":"https:\/\/api.w.org\/{rel}","templated":true}]}}